{"id":2055,"date":"2021-05-08T08:45:01","date_gmt":"2021-05-08T06:45:01","guid":{"rendered":"https:\/\/mehr-sichtbarkeit.com\/?page_id=2055"},"modified":"2026-04-14T11:06:25","modified_gmt":"2026-04-14T09:06:25","slug":"transparency-declaration","status":"publish","type":"page","link":"https:\/\/mehr-sichtbarkeit.com\/en\/transparenzerklaerung\/","title":{"rendered":"Transparency declaration"},"content":{"rendered":"\t\t<div data-elementor-type=\"wp-page\" data-elementor-id=\"2055\" class=\"elementor elementor-2055\" data-elementor-post-type=\"page\">\n\t\t\t\t\t\t<section class=\"elementor-section elementor-top-section elementor-element elementor-element-2181fc6 elementor-section-boxed elementor-section-height-default elementor-section-height-default\" data-id=\"2181fc6\" data-element_type=\"section\" data-e-type=\"section\" data-settings=\"{&quot;background_background&quot;:&quot;classic&quot;}\">\n\t\t\t\t\t\t<div class=\"elementor-container elementor-column-gap-default\">\n\t\t\t\t\t<div class=\"elementor-column elementor-col-100 elementor-top-column elementor-element elementor-element-abf075d\" data-id=\"abf075d\" data-element_type=\"column\" data-e-type=\"column\">\n\t\t\t<div class=\"elementor-widget-wrap elementor-element-populated\">\n\t\t\t\t\t\t<section class=\"elementor-section elementor-inner-section elementor-element elementor-element-f64a787 elementor-section-full_width elementor-section-height-default elementor-section-height-default\" data-id=\"f64a787\" data-element_type=\"section\" data-e-type=\"section\" data-settings=\"{&quot;background_motion_fx_translateY_effect&quot;:&quot;yes&quot;,&quot;background_motion_fx_translateY_speed&quot;:{&quot;unit&quot;:&quot;px&quot;,&quot;size&quot;:1,&quot;sizes&quot;:[]},&quot;background_motion_fx_translateY_affectedRange&quot;:{&quot;unit&quot;:&quot;%&quot;,&quot;size&quot;:&quot;&quot;,&quot;sizes&quot;:{&quot;start&quot;:0,&quot;end&quot;:100}},&quot;background_motion_fx_devices&quot;:[&quot;desktop&quot;,&quot;tablet&quot;,&quot;mobile&quot;]}\">\n\t\t\t\t\t\t<div class=\"elementor-container elementor-column-gap-default\">\n\t\t\t\t\t<div class=\"elementor-column elementor-col-100 elementor-inner-column elementor-element elementor-element-0dcb636\" data-id=\"0dcb636\" data-element_type=\"column\" data-e-type=\"column\">\n\t\t\t<div class=\"elementor-widget-wrap elementor-element-populated\">\n\t\t\t\t\t\t<div class=\"elementor-element elementor-element-1cac381 elementor-widget elementor-widget-heading\" data-id=\"1cac381\" data-element_type=\"widget\" data-e-type=\"widget\" data-widget_type=\"heading.default\">\n\t\t\t\t\t<h2 class=\"elementor-heading-title elementor-size-default\">Transparenzerkl\u00e4rung<\/h2>\t\t\t\t<\/div>\n\t\t\t\t<div class=\"elementor-element elementor-element-5a2e170 elementor-widget elementor-widget-text-editor\" data-id=\"5a2e170\" data-element_type=\"widget\" data-e-type=\"widget\" data-widget_type=\"text-editor.default\">\n\t\t\t\t\t\t\t\t\t<p><b>Informationen zum Datenschutz<\/b><\/p>\n<p>Vielen Dank f\u00fcr Ihr Interesse an unserem Leistungen, Schulungen und Unternehmen. Wir nehmen&nbsp;<span style=\"color: #ffcc99; --noir-inline-color: #ffc285;\" data-noir-inline-color=\"\"><a style=\"color: #ffcc99; --noir-inline-color: #ffc285;\" href=\"https:\/\/mehr-sichtbarkeit.com\/datenschutzerklaerung\/\" target=\"_blank\" rel=\"noopener\" data-noir-inline-color=\"\">Ihr Recht auf Privatsph\u00e4re, den Datenschutz und Ihre Selbstbestimmung<\/a>&nbsp;<\/span>sehr ernst. Alle unsere Angebote der Digital Mind Agency Ltd. richten sich, wie auch dieses Angebot ausschlie\u00dflich an Unternehmer*innen.<\/p>\n<p><b>Zu den oben genannten Gr\u00fcnden m\u00f6chten wir Sie informieren:<\/b><\/p>\n<p><b>Wer sind wir als Unternehmen?<\/b><\/p>\n<p>Digital Mind Agency Ltd.<br>Vertreter: Oliver Albrecht<br>Evagora Pallikaridi 38<br>8010 Paphos, Zypern<br><\/p>\n<p><b>Wer ist bei uns im Unternehmen f\u00fcr den Datenschutz verantwortlich?<\/b><\/p>\n<p>Bei uns im Unternehmen ist jeder f\u00fcr das Thema Datenschutz verantwortlich. Dabei legen wir im Team den gr\u00f6\u00dften Wert auf Privatsph\u00e4re unserer Kunden*inen. Unser Team steht f\u00fcr Sie bei allen Fragen zum Thema Datenschutz zur Verf\u00fcgung. Gerne k\u00f6nnen Sie uns jederzeit kontaktieren:<\/p>\n<p>Oliver Albrecht<br>Digital Mind Agency Ltd.<br>Evagora Pallikaridi 38<br>8010 Paphos, Zypern<\/p>\n<p>office@mehr-sichtbarkeit.com<\/p>\n<p><b>Welche Daten erheben wir von Ihnen? Woher kommen diese Daten und wie lange d\u00fcrfen wir diese \u00fcberhaupt speichern?<\/b><\/p>\n<p>Anbei finden Sie eine transparente und \u00fcbersichtliche Antwort auf diese Fragen:<\/p>\n<p><b>Kategorien der Daten<\/b><\/p>\n<ul>\n<li><span style=\"color: var( --e-global-color-0ba6c5f ); font-size: 1rem; --noir-inline-color: var(--noir-text-e-global-color-0ba6c5f, var(--e-global-color-0ba6c5f));\" data-noir-inline-color=\"\">Vorname<\/span><\/li>\n<li><span style=\"color: var( --e-global-color-0ba6c5f ); font-size: 1rem; --noir-inline-color: var(--noir-text-e-global-color-0ba6c5f, var(--e-global-color-0ba6c5f));\" data-noir-inline-color=\"\">Nachnahme<\/span><\/li>\n<li><span style=\"color: var( --e-global-color-0ba6c5f ); font-size: 1rem; --noir-inline-color: var(--noir-text-e-global-color-0ba6c5f, var(--e-global-color-0ba6c5f));\" data-noir-inline-color=\"\">E-Mail Daten: E-Mail-Adresse, Status, Bounce-Status, Eintragungsdatum, IP-Adresse<\/span><\/li>\n<li><span style=\"color: var( --e-global-color-0ba6c5f ); font-size: 1rem; --noir-inline-color: var(--noir-text-e-global-color-0ba6c5f, var(--e-global-color-0ba6c5f));\" data-noir-inline-color=\"\">der Eintragung, Kontakt-ID, E-Mail Best\u00e4tigungsdatum, IP-Adresse der<\/span><\/li>\n<li><span style=\"color: var( --e-global-color-0ba6c5f ); font-size: 1rem; --noir-inline-color: var(--noir-text-e-global-color-0ba6c5f, var(--e-global-color-0ba6c5f));\" data-noir-inline-color=\"\">Best\u00e4tigung, Austragungsdatum, IP-Adresse E-Mail-Austragung, Referrer<\/span><\/li>\n<li><span style=\"color: var( --e-global-color-0ba6c5f ); font-size: 1rem; --noir-inline-color: var(--noir-text-e-global-color-0ba6c5f, var(--e-global-color-0ba6c5f));\" data-noir-inline-color=\"\">Webseite<\/span><\/li>\n<li><span style=\"color: var( --e-global-color-0ba6c5f ); font-size: 1rem; --noir-inline-color: var(--noir-text-e-global-color-0ba6c5f, var(--e-global-color-0ba6c5f));\" data-noir-inline-color=\"\">Mobiltelefonnummer<\/span><\/li>\n<li><span style=\"color: var( --e-global-color-0ba6c5f ); font-size: 1rem; --noir-inline-color: var(--noir-text-e-global-color-0ba6c5f, var(--e-global-color-0ba6c5f));\" data-noir-inline-color=\"\">Telefonnummer<\/span><\/li>\n<li><span style=\"color: var( --e-global-color-0ba6c5f ); font-size: 1rem; --noir-inline-color: var(--noir-text-e-global-color-0ba6c5f, var(--e-global-color-0ba6c5f));\" data-noir-inline-color=\"\">Betreff<\/span><\/li>\n<li><span style=\"color: var( --e-global-color-0ba6c5f ); font-size: 1rem; --noir-inline-color: var(--noir-text-e-global-color-0ba6c5f, var(--e-global-color-0ba6c5f));\" data-noir-inline-color=\"\">Sollten Sie \u00fcber eine Empfehlung von einem Partner (Affiliate) zu unseren Leistungen anmelden, dann wird auch die Klick-Tipp Affiliate-ID, Digistore24-ID, Copecart-ID, Elopage-ID sowie der Benutzername des jeweiligen Kontos \u00fcbergeben.<\/span><\/li>\n<li><span style=\"color: var( --e-global-color-0ba6c5f ); font-size: 1rem; --noir-inline-color: var(--noir-text-e-global-color-0ba6c5f, var(--e-global-color-0ba6c5f));\" data-noir-inline-color=\"\">W\u00e4hrend unserer Leistungen, Services und App-Nutzung laden wir in regelm\u00e4\u00dfigen Abst\u00e4nden sog. Tagging-Pixel von Anbietern. Zu diesen Anbietern z\u00e4hlen beispielsweise Google AdWords, Google-Retargeting, Facebook (META), AdRoll, Google AdSense, Hotjar, Webinaris, Webinarjam, Digistore24, Elopage, Copecart. Durch diese Pixel k\u00f6nnen wir erkennen, ob und wann Sie an unseren Leistungen teilnehmen, f\u00fcr welche Sie sich angemeldet haben. Auf der Basis dieser Informationen werden wir \u00fcber Sie als Anbieter w\u00e4hrend der Nutzung unserer Leistungen per E-Mail, SMS und Social Media daran erinnern, wieder unsere Leistungen zu nutzen.<\/span><\/li>\n<\/ul>\n<p><b>Datenquellen<\/b><\/p>\n<p>Wir erhalten diese Informationen aus Ihren Eingaben in unser Formular f\u00fcr die von Ihnen gew\u00fcnschten Leistungen, aus Ihrem Online-Schulungskursen sowie den Anbietern der sog. Tagging-Pixel (siehe oben Kategorien der Daten).<\/p>\n<p><b>Zwecke und Rechtsgrundlagen<br><\/b><br>Begr\u00fcndung, Durchf\u00fchrung und Beendigung des Schuldverh\u00e4ltnisses \u2013 Artikel 6 Absatz 1 lit. b DSGVO<br>Begr\u00fcndung, Durchf\u00fchrung und Beendigung des Informationsvertrages gem\u00e4\u00df unseren&nbsp;<span style=\"color: #ffcc99; --noir-inline-color: #ffc285;\" data-noir-inline-color=\"\"><a style=\"color: #ffcc99; --noir-inline-color: #ffc285;\" href=\"https:\/\/mehr-sichtbarkeit.com\/allgemeine-informationsvertragsbedingungen-DMA.pdf\" target=\"_blank\" rel=\"noopener\" data-noir-inline-color=\"\">allgemeinen Informationsvertragsbedingungen<\/a>&nbsp;<\/span>\u2013 Artikel 6 Absatz 1 lit. b DSGVO<br>Informationen \u00fcber unsere und andere Leistungen \u2013 Artikel 6 Absatz 1 lit. a DSGVO (Einwilligung)<\/p>\n<p><b>Speicherungsdauer<\/b><\/p>\n<p>Falls und soweit Sie durch das Double-Opt-in-Verfahren eingewilligt haben, speichern wir die erhobenen Daten bis zum Widerruf der Einwilligung.<br>Die Daten, die wir zur vorvertraglich und vertraglichen Erf\u00fcllung des Informationsvertrages ben\u00f6tigen, speichern wir bis zum Ablauf der Aufbewahrungsfrist, i.d.R. 3 Jahre nach Ende des Vertragsverh\u00e4ltnisses.<\/p>\n<p><b>Was sollten Sie zu Ihrer Einwilligung noch wissen?<\/b><\/p>\n<p>Sofern und soweit Sie bei der Anmeldung zu unseren Leistungen, Schulungen und Services die Einwilligung in die Verarbeitung Ihrer personenbezogenen Daten durchgef\u00fchrt haben, weisen wir Sie darauf hin:<\/p>\n<p>Sie k\u00f6nnen Ihre Einwilligung mit Wirkung f\u00fcr die Zukunft jederzeit widerrufen. Dies f\u00fchren Sie \u00fcber eine formlose Nachricht durch, welche Sie an unsere Kontaktadressen unter dem Punkt &#8222;Wer sind wir als Unternehmen?&#8220; senden oder mitteilen.<\/p>\n<p>Neben den anderen Dingen umfasst Ihr Einwilligung auch, dass wir Ihre Daten f\u00fcr die Werbungsfunktion &#8222;Custom Audience&#8220; der facebook inc. (META) sowie die Remarketing-Funktionen &#8222;Similar Audiences&#8220; der Google Inc. nutzen d\u00fcrfen. Ihre Einwilligung umfasst ganz genau, dass Ihre E-Mailadresse bei dem jeweiligen Anbieter hochgeladen und mit seinen eigenen Nutzerdaten im System abgeglichen werden darf. Sofern Ihre E-Mailadresse bei den bezeichneten Anbietern mit einem Benutzeraccount (Nutzerkonto) verbunden ist, werden Ihnen n\u00fctzliche oder auch relevante Werbebotschaften angezeigt. Weiterhin k\u00f6nnen Sie auch von Werbebotschaften durch den benannten Abgleich ausgeschlossen werden. Sie k\u00f6nnen dadurch bei Google sowie auch bei facebook (META) jederzeit selbstst\u00e4ndig festlegen, in welchem Umfang und ob Sie \u00fcberhaupt personalisierte Werbung sehen m\u00f6chten:<br><span style=\"color: #ffcc99; --noir-inline-color: #ffc285;\" data-noir-inline-color=\"\"><a style=\"color: #ffcc99; --noir-inline-color: #ffc285;\" href=\"https:\/\/www.facebook.com\/business\/help\/1415256572060999\" target=\"_blank\" rel=\"noopener\" data-noir-inline-color=\"\">https:\/\/www.facebook.com\/business\/help\/1415256572060999<\/a><\/span><br><span style=\"color: #ffcc99; --noir-inline-color: #ffc285;\" data-noir-inline-color=\"\"><a style=\"color: #ffcc99; --noir-inline-color: #ffc285;\" href=\"https:\/\/adssettings.google.com\/authenticated?hl=de#fyRr4c\" target=\"_blank\" rel=\"noopener\" data-noir-inline-color=\"\">https:\/\/adssettings.google.com\/authenticated?hl=de#fyRr4c<\/a><\/span><\/p>\n<p><b>Was m\u00fcssen Sie zu unserem Informationsvertrag wissen?<\/b><\/p>\n<p>Sie haben jederzeit die M\u00f6glichkeit, mit uns einen Informationsvertrag zu schlie\u00dfen. Dieser Informationsvertrag entsteht und wird geschlossen, wenn Sie Eintragungen und Anmeldungen abschlie\u00dfen, bei denen wir ausdr\u00fccklich den Begriff &#8222;Informationsvertrag&#8220; verwenden. Der genaue Inhalt des Informationsvertrages ergeben sich aus dem jeweiligen Vertragstext, sowie den erg\u00e4nzenden&nbsp;<span style=\"color: #ffcc99; --noir-inline-color: #ffc285;\" data-noir-inline-color=\"\"><a style=\"color: #ffcc99; --noir-inline-color: #ffc285;\" href=\"https:\/\/mehr-sichtbarkeit.com\/allgemeine-informationsvertragsbedingungen-DMA.pdf\" target=\"_blank\" rel=\"noopener\" data-noir-inline-color=\"\">Allgemeinen Informationsvertragsbedingungen<\/a>.<\/span><\/p>\n<p>Sofern und soweit Sie diesen Informationsvertrag mit uns geschlossen haben, weisen wir Sie auf folgendes hin: Mit dem Informationsvertrag verpflichten wir uns als Anbieter, die in der bezeichneten Produkt- Schulungs- und Leistungsbeschreibung sowie den&nbsp;<span style=\"color: #ffcc99; --noir-inline-color: #ffc285;\" data-noir-inline-color=\"\"><a style=\"color: #ffcc99; --noir-inline-color: #ffc285;\" href=\"https:\/\/mehr-sichtbarkeit.com\/allgemeine-informationsvertragsbedingungen-DMA.pdf\" target=\"_blank\" rel=\"noopener\" data-noir-inline-color=\"\">Allgemeinen Informationsvertragsbedingungen<\/a><\/span>&nbsp;bezeichneten Informationen, Inhalte und Empfehlungen \u00fcber alle denkbaren Informationskan\u00e4le (E-Mail, SMS, soziale Netzwerke, Briefsendungen und vergleichbare Kontaktkan\u00e4le) an Sie auszuliefern. Wir sind u.a. auch dazu weitergehend verpflichtet, die Informationen welche Vertragsbestandteil sind auch in sozialen Netzwerken und vergleichbaren Kontaktkan\u00e4len an Sie auszuliefern. F\u00fcr diesen Zweck sind wir, soweit technisch realisierbar, verpflichtet, Ihre E-Mailadresse in eine Similar Audience bei Google oder sowie technisch m\u00f6glich in eine Custom Audience bei facebook (META) hochzuladen. Sofern technisch eine M\u00f6glichkeit f\u00fcr den abgleich besteht, sind wir verpflichtet auch in der Custom Audience und Similar Audience, wie vorab benannt dort Informationen an Sie auszuliefern. Sie k\u00f6nnen den Informationsvertrag mit uns jederzeit beenden, dies ist ohne Angabe von Gr\u00fcnden oder Wahrung von Fristen, durch eine formlose Mitteilung an uns \u00fcber die unter &#8222;Wer sind wir als Unternehmen?&#8220; bezeichneten Kontaktadressen m\u00f6glich.<\/p>\n<p><b>Was m\u00fcssen Sie zu \u00fcber Tags bei uns wissen?<\/b><\/p>\n<p>In unserem Unternehmen setzen wir die Tagging-Techniken von Klick-Tipp ein. Die Funktionsweise von Tags wird von Klick-Tipp im Handbuch beschrieben. Dieses Handbuch finden Sie zum kostenfreien Download unter folgender Adresse: https:\/\/www.klick-tipp.com\/handbuch\/erste-schritte\/tag-erstellen. Vertragsentscheidungen werden nicht auf die Tags gest\u00fctzt.<\/p>\n<p><b>Sind wir verpflichtet, Ihre Daten zu erheben? Was passiert, wenn wir Ihre Daten nicht erheben?<\/b><\/p>\n<p>Es gibt keine gesetzliche Pflicht zur Erhebung Ihrer Daten. Es besteht jedoch die M\u00f6glichkeit, dass aufgrund von einzelnen oder ganzen fehlenden Daten es zu Nachfragen von uns kommen kann.<\/p>\n<p><b>An wen \u00fcbermitteln wir Ihre Daten? Verlassen Ihre Daten dabei den europ\u00e4ischen Wirtschaftsraum?<\/b><\/p>\n<p>Wir \u00fcbermitteln die von Ihnen erhobenen Daten an unsere externen Dienstleister, die uns mit folgenden Aufgeben unterst\u00fctzen: Die Verwaltung und Speicherung von Daten, technischer Support, Verwalten, Auswerten und Setzen von Tags, Durchf\u00fchrung von Leistungen- Schulungen und Kundenbetreuung (dazu geh\u00f6ren u.a. auch: Erstgespr\u00e4che mit Kunden, Schulungs im Onlinebereich sowie auch Self-Learning) Wir stellen dabei sicher, dass unsere Dienstleister sorgf\u00e4ltig ausgew\u00e4hlt sowie auch datenschutzkonform gebunden und regelm\u00e4\u00dfig gepr\u00fcft werden. Einige unserer Dienstleister sind auch Unternehmen, die Ihre Daten au\u00dferhalb des Europ\u00e4ischen Wirschaftraumes verarbeiten bzw. dort ihren Firmensitz haben. Bei unseren Dienstleistern welche Ihre Daten au\u00dferhalb der Europ\u00e4ischen Wirschaftraumes verarbeiten oder Ihren Sitz haben w\u00e4hlen wir ausschlie\u00dflich Unternehmen aus, die Ihre erhobenen Daten an Orten verarbeiten, f\u00fcr die Angemessenheitsbeschluss der Kommission (Artikel 45 DSGVO) existiert. Sofern diese Voraussetzung nicht erf\u00fcllt ist, beauftragen wir diese Unternehmen und Dienstleister nur dann, sofern sie entsprechende Sicherheitsgarantien (Artikel 46 DSGVO) abgeben, etwa durch die Vereinbarung der EU-Standardvertragsklauseln.<\/p>\n<p><b>Welche Rechte haben Sie?<\/b><\/p>\n<p>Sie haben verschiedene Rechte, darunter haben Sie das Recht auf die Auskunft \u00fcber die zu Ihrer Person verarbeiteten personenbezogenen Daten. Sie haben weiterhin das Recht zur Berichtigung oder L\u00f6schung, auf Einschr\u00e4nkung der Verarbeitung Ihrer personenbezogenen Daten, auf Widerspruch gegen die Verarbeitung sowie auch auf die Daten\u00fcbertragbarkeit Ihrer personenbezogenen Daten. Weiterhin haben Sie die M\u00f6glichkeit, sich \u00fcber uns bei der f\u00fcr zust\u00e4ndigen Aufsichtsbeh\u00f6rde zu beschweren. Wir weisen Sie freundlich darauf hin, dass diese Rechte ggf. an Vorraussetzungen gebunden sind, auf den Vorliegen wir auch bestehen werden.<\/p>\t\t\t\t\t\t\t\t<\/div>\n\t\t\t\t\t<\/div>\n\t\t<\/div>\n\t\t\t\t\t<\/div>\n\t\t<\/section>\n\t\t\t\t\t<\/div>\n\t\t<\/div>\n\t\t\t\t\t<\/div>\n\t\t<\/section>\n\t\t\t\t<\/div>\n\t\t","protected":false},"excerpt":{"rendered":"<p>Transparenzerkl\u00e4rung Informationen zum Datenschutz Vielen Dank f\u00fcr Ihr Interesse an unserem Leistungen, Schulungen und Unternehmen. Wir nehmen&nbsp;Ihr Recht auf Privatsph\u00e4re, den Datenschutz und Ihre Selbstbestimmung&nbsp;sehr ernst. Alle unsere Angebote der Digital Mind Agency Ltd. richten sich, wie auch dieses Angebot ausschlie\u00dflich an Unternehmer*innen. Zu den oben genannten Gr\u00fcnden m\u00f6chten wir Sie informieren: Wer sind wir [&hellip;]<\/p>\n","protected":false},"author":1,"featured_media":4098,"parent":0,"menu_order":0,"comment_status":"closed","ping_status":"open","template":"","meta":{"footnotes":""},"class_list":["post-2055","page","type-page","status-publish","has-post-thumbnail","hentry"],"_links":{"self":[{"href":"https:\/\/mehr-sichtbarkeit.com\/en\/wp-json\/wp\/v2\/pages\/2055","targetHints":{"allow":["GET"]}}],"collection":[{"href":"https:\/\/mehr-sichtbarkeit.com\/en\/wp-json\/wp\/v2\/pages"}],"about":[{"href":"https:\/\/mehr-sichtbarkeit.com\/en\/wp-json\/wp\/v2\/types\/page"}],"author":[{"embeddable":true,"href":"https:\/\/mehr-sichtbarkeit.com\/en\/wp-json\/wp\/v2\/users\/1"}],"replies":[{"embeddable":true,"href":"https:\/\/mehr-sichtbarkeit.com\/en\/wp-json\/wp\/v2\/comments?post=2055"}],"version-history":[{"count":6,"href":"https:\/\/mehr-sichtbarkeit.com\/en\/wp-json\/wp\/v2\/pages\/2055\/revisions"}],"predecessor-version":[{"id":40403,"href":"https:\/\/mehr-sichtbarkeit.com\/en\/wp-json\/wp\/v2\/pages\/2055\/revisions\/40403"}],"wp:featuredmedia":[{"embeddable":true,"href":"https:\/\/mehr-sichtbarkeit.com\/en\/wp-json\/wp\/v2\/media\/4098"}],"wp:attachment":[{"href":"https:\/\/mehr-sichtbarkeit.com\/en\/wp-json\/wp\/v2\/media?parent=2055"}],"curies":[{"name":"wp","href":"https:\/\/api.w.org\/{rel}","templated":true}]}}