{"id":2070,"date":"2021-05-08T08:51:14","date_gmt":"2021-05-08T08:51:14","guid":{"rendered":"https:\/\/mehr-sichtbarkeit.com\/?page_id=2070"},"modified":"2022-12-05T16:30:21","modified_gmt":"2022-12-05T14:30:21","slug":"general-information-contract-conditions","status":"publish","type":"page","link":"https:\/\/mehr-sichtbarkeit.com\/en\/allgemeine-informationsvertragsbedingungen\/","title":{"rendered":"General Terms and Conditions for Information Contracts"},"content":{"rendered":"\t\t<div data-elementor-type=\"wp-page\" data-elementor-id=\"2070\" class=\"elementor elementor-2070\" data-elementor-post-type=\"page\">\n\t\t\t\t\t\t<section class=\"elementor-section elementor-top-section elementor-element elementor-element-2181fc6 elementor-section-boxed elementor-section-height-default elementor-section-height-default\" data-id=\"2181fc6\" data-element_type=\"section\" data-e-type=\"section\" data-settings=\"{&quot;background_background&quot;:&quot;classic&quot;}\">\n\t\t\t\t\t\t<div class=\"elementor-container elementor-column-gap-default\">\n\t\t\t\t\t<div class=\"elementor-column elementor-col-100 elementor-top-column elementor-element elementor-element-abf075d\" data-id=\"abf075d\" data-element_type=\"column\" data-e-type=\"column\">\n\t\t\t<div class=\"elementor-widget-wrap elementor-element-populated\">\n\t\t\t\t\t\t<section class=\"elementor-section elementor-inner-section elementor-element elementor-element-f64a787 elementor-section-full_width elementor-section-height-default elementor-section-height-default\" data-id=\"f64a787\" data-element_type=\"section\" data-e-type=\"section\" data-settings=\"{&quot;background_motion_fx_translateY_effect&quot;:&quot;yes&quot;,&quot;background_motion_fx_translateY_speed&quot;:{&quot;unit&quot;:&quot;px&quot;,&quot;size&quot;:1,&quot;sizes&quot;:[]},&quot;background_motion_fx_translateY_affectedRange&quot;:{&quot;unit&quot;:&quot;%&quot;,&quot;size&quot;:&quot;&quot;,&quot;sizes&quot;:{&quot;start&quot;:0,&quot;end&quot;:100}},&quot;background_motion_fx_devices&quot;:[&quot;desktop&quot;,&quot;tablet&quot;,&quot;mobile&quot;]}\">\n\t\t\t\t\t\t<div class=\"elementor-container elementor-column-gap-default\">\n\t\t\t\t\t<div class=\"elementor-column elementor-col-100 elementor-inner-column elementor-element elementor-element-0dcb636\" data-id=\"0dcb636\" data-element_type=\"column\" data-e-type=\"column\">\n\t\t\t<div class=\"elementor-widget-wrap elementor-element-populated\">\n\t\t\t\t\t\t<div class=\"elementor-element elementor-element-1cac381 elementor-widget elementor-widget-heading\" data-id=\"1cac381\" data-element_type=\"widget\" data-e-type=\"widget\" data-widget_type=\"heading.default\">\n\t\t\t\t\t<h2 class=\"elementor-heading-title elementor-size-default\">Allgemeine Informationsvertragsbedingungen<\/h2>\t\t\t\t<\/div>\n\t\t\t\t<div class=\"elementor-element elementor-element-5a2e170 elementor-widget elementor-widget-text-editor\" data-id=\"5a2e170\" data-element_type=\"widget\" data-e-type=\"widget\" data-widget_type=\"text-editor.default\">\n\t\t\t\t\t\t\t\t\t<blockquote><p>Genderhinweis<br>\nAllein aus Gr\u00fcnden der besseren Lesbarkeit wird auf die gleichzeitige Verwendung m\u00e4nnlicher, weiblicher und diverser Sprachformen verzichtet. S\u00e4mtliche Personenbezeichnungen gelten f\u00fcr alle Geschlechter.<\/p><\/blockquote>\n<h3>Pr\u00e4ambel<\/h3>\n<p>Allgemeine Informationsvertragsbedingungen<br>\nzwischen<br>\nIhnen<\/p>\n<p>(fortan: Informationsbesteller)<\/p>\n<p>und<\/p>\n<p>Digital Mind Agency Ltd.<br>\nEvagora Pallikaridi 38<br>\n8010 Paphos, Zypern<\/p>\n<p>Die Mission von Digital Mind Agency Ltd. ist es f\u00fcr jeden Unternehmer, der online pr\u00e4sent sein will eine individuelle digitale L\u00f6sung zu schaffen und das Fundament f\u00fcr seine Vision zu bilden. Dabei begleiten wir unsere Kunden partnerschaftlich und geben ihm nur die Strategien, die er auch wirklich braucht. Daher bietet Digital Mind Agency Ltd. seinen Kunden an verschiedenen Stellen an, einen sog. Informationsvertrag zu schlie\u00dfen. Dabei verpflichtet sich Digital Mind Agency Ltd. gegen\u00fcber den Informationsbestellern, sie regelm\u00e4\u00dfig mit Weiterbildungs- und Schulungsmaterial, aber auch mit allgemeinen Informationen zu versorgen. Hierbei sind vier wesentliche Vertragsbestandteile besonders wichtig: Erstens ist es Digital Mind Agency Ltd. Mission junge Menschen bei der Erreichung Ihrer Ziele zu unterst\u00fctzen und diese mit Informations- und Schulungsmaterial zu versorgen. Zweitens wird der Gegenstand des jeweiligen Informationsvertrages einerseits bei der konkreten Bestellung und erg\u00e4nzend durch diese Allgemeinen Informationsbedingungen (AIB) bestimmt. Drittens kann der Informationsbesteller den Vertrag jederzeit, ohne Angabe von Gr\u00fcnden und formlos beenden. Viertens ist dieser Informationsservice unentgeltlich.<\/p>\n<h3>\u00a7 1 Vertragsgegenstand, Pflichten von Digital Mind Agency Ltd.<\/h3>\n<p>(1) Gegenstand des Vertrages ist es, dass Digital Mind Agency Ltd. den Informationsbesteller mit Informationen \u00fcber alle denkbaren Kontaktkan\u00e4le (Briefpost, SMS, E-Mail, soziale Netzwerke und vergleichbare Kontaktkan\u00e4le) versorgt. Grunds\u00e4tzlich sind die Themen dieser Informationen durch den konkreten Informationsvertrag (Produkt- und\/oder Leistungsbeschreibung) festgelegt. In jedem Fall k\u00f6nnen dies aber Informationen aus den folgenden Themenbereichen sein: Online Marketing, Consulting, Film\/Video, Design, Markenstrategie, Unternehmertum, Pers\u00f6nlichkeitsentwicklung, Erfolg, Produkte Dritter, Marketing, Vertrieb, Zeitmanagement, Digitalisierung, spirituelles Coaching Startups und Unternehmensgr\u00fcndung, verwandte und vergleichbare Themen, eigene Seminare und Webinare, Seminare und Webinare Dritter, Empfehlungen geeigneter Produkte Dritter.<\/p>\n<p>(2) Digital Mind Agency Ltd. ist mit Blick auf Absatz 1 u.a. auch dazu verpflichtet, die vertragsgegenst\u00e4ndlichen Informationen auch in sozialen Netzwerken und vergleichbaren Kontaktkan\u00e4len auszuliefern. Hierf\u00fcr ist Digital Mind Agency Ltd., soweit technisch m\u00f6glich, verpflichtet, die E-Mail-Adresse in eine Custom Audience bei facebook oder in eine \u201esimilar audience\u201c bei Goolge hochzuladen und sofern dies m\u00f6glich ist, auch dort Informationen auszuliefern. Dies gilt vorbehaltlich der Regelung in Absatz 3.<\/p>\n<p>(3) Digital Mind Agency Ltd. ist ferner verpflichtet, den Informationsbesteller, sofern diese bereits zu einem Webinar angemeldet ist, im Rahmen der technischen M\u00f6glichkeiten nach von Werbeanzeigen f\u00fcr potenzielle neue Webinar- oder Schulungsteilnehmer in facebook oder bei Google auszuschlie\u00dfen. Dazu muss Klick-Tipp die E-Mail-Adresse in eine Custom Audience bei facebook oder in eine \u201esimilar audience\u201c bei Goolge hochladen. Bei Werbeanzeigen f\u00fcr potenzielle neue Schulungsteilnehmer werden die Informationsbesteller ausgeschlossen.<\/p>\n<p>(4) Ein Anspruch darauf, dass alle diese Themenbereiche abgedeckt werden besteht nicht.<\/p>\n<p>(5) Ferner schuldet Digital Mind Agency Ltd. auch keine Beratung und auch nicht die Pr\u00fcfung dieser Informationen auf inhaltliche Richtigkeit, sondern nur die Verschaffung der Informationen.<\/p>\n<h3>\u00a7 2 Vertragsschluss<\/h3>\n<p>(1) Der Informationsvertrag kommt zustande, wenn der Informationsbesteller entweder digital, schriftlich oder auf andere eindeutige (u.a. auch konkludente) Form eine Leistung von der Digistore24 GmbH und\/oder Digital Mind Agency Ltd. abfordert, in deren Produkt- oder Leistungsbeschreibung auf den Abschluss eines Informationsvertrages hingewiesen wird.<\/p>\n<p>(2) Hierbei werden auch diese AIB Bestandteil des Vertrages.<\/p>\n<h3>\u00a7 3 Unentgeltlichkeit<\/h3>\n<p>Der Informationsbesteller muss kein Geld f\u00fcr die Beziehung der Informationen zahlen.<\/p>\n<h3>\u00a7 4 Beendigung des Informationsvertrages<\/h3>\n<p>(1) Beide Vertragsparteien k\u00f6nnen den Vertrag jederzeit, ohne Angabe von Gr\u00fcnden und ohne Achtung einer Frist k\u00fcndigen.<\/p>\n<p>(2) Sofern der Kunde parallel Kunde der Digistore24 GmbH ist und \u00fcber dieses Vertragsverh\u00e4ltnis Zugang zu Klick-Tipp erh\u00e4lt, ist der Bestand dieses Informationsvertrages nicht vom Bestand des Vertrages zur Digistore24 GmbH abh\u00e4ngig.<\/p>\n<h3>\u00a7 5 Haftung<\/h3>\n<p>(1) Digital Mind Agency Ltd. haftet unbeschr\u00e4nkt nur f\u00fcr Vorsatz und grobe Fahrl\u00e4ssigkeit.<\/p>\n<p>(2) F\u00fcr einfache Fahrl\u00e4ssigkeit haftet Digital Mind Agency Ltd. \u2013 au\u00dfer im Falle der Verletzung des Lebens, des K\u00f6rpers oder der Gesundheit \u2013 nur, sofern wesentliche Vertragspflichten (Kardinalpflichten) verletzt werden.<\/p>\n<p>(3) Die Haftung f\u00fcr mittelbare und unvorhersehbare Sch\u00e4den, Produktions- und Nutzungsausfall, entgangenen Gewinn, ausgebliebene Einsparungen und Verm\u00f6genssch\u00e4den wegen Anspr\u00fcchen Dritter, ist im Falle einfacher Fahrl\u00e4ssigkeit \u2013 au\u00dfer im Falle der Verletzung des Lebens, des K\u00f6rpers oder der Gesundheit \u2013 ausgeschlossen.<\/p>\n<p>(4) Eine weitergehende Haftung als in diesem Vertrag ist \u2013 ohne R\u00fccksicht auf die Rechtsnatur des geltend<br>\ngemachten Anspruchs \u2013 ausgeschlossen. Vorstehende Haftungsbeschr\u00e4nkungen bzw. -ausschl\u00fcsse gelten jedoch nicht f\u00fcr eine gesetzlich zwingend vorgeschriebene verschuldensunabh\u00e4ngige Haftung (z. B. gem\u00e4\u00df Produkthaftungsgesetz) oder die Haftung aus einer verschuldensunabh\u00e4ngigen Garantie.<\/p>\n<p>(5) Soweit die Haftung nach den Abs\u00e4tzen 2 und 3 ausgeschlossen oder beschr\u00e4nkt ist, gilt dies auch f\u00fcr die pers\u00f6nliche Haftung der Angestellten, Arbeitnehmer, Vertreter, Organe und Erf\u00fcllungsgehilfen von Digital Mind Agency Ltd..<\/p>\n<h3>\u00a7 6 \u00c4nderungsvorbehalt<\/h3>\n<p>Digital Mind Agency Ltd. ist berechtigt, diese AIB einseitig zu \u00e4ndern, soweit dies zur Beseitigung nachtr\u00e4glich entstehender \u00c4quivalenzst\u00f6rungen oder zur Anpassung an ver\u00e4nderte gesetzliche oder technische Rahmenbedingungen oder zur Erweiterung des Informationsangebots oder der Informationskan\u00e4le notwendig ist. \u00dcber eine \u00c4nderung wird der Informationsbesteller unter Mitteilung des Inhalts der ge\u00e4nderten Regelungen an die zuletzt bekannte E-Mail-Adresse informiert. Die \u00c4nderung wird Vertragsbestandteil, wenn der Informationsbesteller nicht binnen sechs Wochen nach Zugang der \u00c4nderungsmitteilung der Einbeziehung in das Vertragsverh\u00e4ltnis Digital Mind Agency Ltd. gegen\u00fcber in Schrift- oder Textform widerspricht.<\/p>\t\t\t\t\t\t\t\t<\/div>\n\t\t\t\t\t<\/div>\n\t\t<\/div>\n\t\t\t\t\t<\/div>\n\t\t<\/section>\n\t\t\t\t\t<\/div>\n\t\t<\/div>\n\t\t\t\t\t<\/div>\n\t\t<\/section>\n\t\t\t\t<\/div>\n\t\t","protected":false},"excerpt":{"rendered":"<p>Allgemeine Informationsvertragsbedingungen Genderhinweis Allein aus Gr\u00fcnden der besseren Lesbarkeit wird auf die gleichzeitige Verwendung m\u00e4nnlicher, weiblicher und diverser Sprachformen verzichtet. S\u00e4mtliche Personenbezeichnungen gelten f\u00fcr alle Geschlechter. Pr\u00e4ambel Allgemeine Informationsvertragsbedingungen zwischen Ihnen (fortan: Informationsbesteller) und Digital Mind Agency Ltd. Evagora Pallikaridi 38 8010 Paphos, Zypern Die Mission von Digital Mind Agency Ltd. ist es f\u00fcr jeden [&hellip;]<\/p>\n","protected":false},"author":1,"featured_media":4098,"parent":0,"menu_order":0,"comment_status":"closed","ping_status":"open","template":"","meta":{"footnotes":""},"class_list":["post-2070","page","type-page","status-publish","has-post-thumbnail","hentry"],"_links":{"self":[{"href":"https:\/\/mehr-sichtbarkeit.com\/en\/wp-json\/wp\/v2\/pages\/2070","targetHints":{"allow":["GET"]}}],"collection":[{"href":"https:\/\/mehr-sichtbarkeit.com\/en\/wp-json\/wp\/v2\/pages"}],"about":[{"href":"https:\/\/mehr-sichtbarkeit.com\/en\/wp-json\/wp\/v2\/types\/page"}],"author":[{"embeddable":true,"href":"https:\/\/mehr-sichtbarkeit.com\/en\/wp-json\/wp\/v2\/users\/1"}],"replies":[{"embeddable":true,"href":"https:\/\/mehr-sichtbarkeit.com\/en\/wp-json\/wp\/v2\/comments?post=2070"}],"version-history":[{"count":0,"href":"https:\/\/mehr-sichtbarkeit.com\/en\/wp-json\/wp\/v2\/pages\/2070\/revisions"}],"wp:featuredmedia":[{"embeddable":true,"href":"https:\/\/mehr-sichtbarkeit.com\/en\/wp-json\/wp\/v2\/media\/4098"}],"wp:attachment":[{"href":"https:\/\/mehr-sichtbarkeit.com\/en\/wp-json\/wp\/v2\/media?parent=2070"}],"curies":[{"name":"wp","href":"https:\/\/api.w.org\/{rel}","templated":true}]}}